{"id":335,"date":"2024-05-20T19:09:09","date_gmt":"2024-05-20T19:09:09","guid":{"rendered":"https:\/\/hcnjusstg.wpenginepowered.com\/visionzero\/?page_id=335"},"modified":"2025-07-18T13:06:45","modified_gmt":"2025-07-18T13:06:45","slug":"hogar","status":"publish","type":"page","link":"https:\/\/www.hcnj.us\/visionzero\/hogar\/","title":{"rendered":"Hogar"},"content":{"rendered":"<p>[et_pb_section fb_built=&#8221;1&#8243; disabled_on=&#8221;on|off|off&#8221; admin_label=&#8221;Call to Action&#8221; _builder_version=&#8221;4.24.2&#8243; _module_preset=&#8221;default&#8221; use_background_color_gradient=&#8221;on&#8221; background_color_gradient_direction=&#8221;74deg&#8221; background_color_gradient_stops=&#8221;rgba(0, 0, 0, 1) 0%|#000000 2%|rgba(0, 0, 0, 0.79) 15%|rgba(0,0,0,0) 100%&#8221; background_color_gradient_overlays_image=&#8221;on&#8221; background_color_gradient_start=&#8221;#000000&#8243; background_color_gradient_start_position=&#8221;10%&#8221; background_color_gradient_end=&#8221;rgba(0,0,0,0)&#8221; background_image=&#8221;https:\/\/www.hcnj.us\/countyparks\/wp-content\/uploads\/sites\/21\/2023\/11\/JFK-and-Duncan-Ped-crossing-streets-PSD-file.png&#8221; custom_padding=&#8221;10vw||9vw||false|false&#8221; locked=&#8221;off&#8221; global_colors_info=&#8221;{}&#8221;][et_pb_row custom_padding_last_edited=&#8221;on|phone&#8221; disabled_on=&#8221;on|off|off&#8221; _builder_version=&#8221;4.24.2&#8243; _module_preset=&#8221;default&#8221; background_color=&#8221;#007698&#8243; max_width=&#8221;1070px&#8221; custom_margin=&#8221;|0px||0px|false|true&#8221; custom_margin_tablet=&#8221;|0px|58px|0px|false|true&#8221; custom_margin_phone=&#8221;|0px|58px|0px|false|true&#8221; custom_margin_last_edited=&#8221;on|tablet&#8221; custom_padding=&#8221;24px|35px|24px|100px|true|false&#8221; custom_padding_tablet=&#8221;13px|74px|13px|132px|true|false&#8221; custom_padding_phone=&#8221;13px|74px|13px|100px|true|false&#8221; global_colors_info=&#8221;{}&#8221;][et_pb_column type=&#8221;4_4&#8243; _builder_version=&#8221;4.19.0&#8243; _module_preset=&#8221;default&#8221; global_colors_info=&#8221;{}&#8221;][et_pb_text _builder_version=&#8221;4.24.2&#8243; _module_preset=&#8221;default&#8221; text_font=&#8221;||||||||&#8221; text_text_color=&#8221;#FFFFFF&#8221; text_font_size=&#8221;17px&#8221; text_line_height=&#8221;1.8em&#8221; width=&#8221;100%&#8221; custom_margin=&#8221;||1px|||&#8221; custom_margin_tablet=&#8221;&#8221; custom_margin_phone=&#8221;|-70px||-70px|false|true&#8221; custom_margin_last_edited=&#8221;on|phone&#8221; custom_padding=&#8221;12px|||||&#8221; text_font_size_tablet=&#8221;20px&#8221; text_font_size_phone=&#8221;16px&#8221; text_font_size_last_edited=&#8221;on|phone&#8221; global_colors_info=&#8221;{}&#8221;]<\/p>\n<p>El condado de Hudson est\u00e1 elaborando un Plan de Acci\u00f3n Visi\u00f3n Cero destinado a eliminar todas las muertes y lesiones graves en sus carreteras y garantizar que el transporte seguro y c\u00f3modo sea un derecho para todos los que se desplazan hacia y a trav\u00e9s de nuestra comunidad. Al priorizar la movilidad de todos los usuarios de las v\u00edas, podemos hacer que nuestras calles sean m\u00e1s seguras para todos. Esto requiere la colaboraci\u00f3n del gobierno, las fuerzas del orden, los grupos comunitarios y usted, aquellos que utilizan nuestras carreteras todos los d\u00edas. <strong>\u00a1Por favor \u00fanete a nosotros!<\/strong><\/p>\n<p>[\/et_pb_text][et_pb_button button_url=&#8221;@ET-DC@eyJkeW5hbWljIjp0cnVlLCJjb250ZW50IjoicG9zdF9saW5rX3VybF9wYWdlIiwic2V0dGluZ3MiOnsicG9zdF9pZCI6IjMyNiJ9fQ==@&#8221; button_text=&#8221; aprende m\u00e1s&#8221; button_alignment=&#8221;center&#8221; _builder_version=&#8221;4.24.2&#8243; _dynamic_attributes=&#8221;button_url&#8221; custom_button=&#8221;on&#8221; button_text_size=&#8221;14px&#8221; button_text_color=&#8221;#007698&#8243; button_bg_color=&#8221;#f9f053&#8243; button_border_width=&#8221;0px&#8221; button_border_color=&#8221;#000000&#8243; button_border_radius=&#8221;31px&#8221; button_font=&#8221;Gothic A1|800||on|||||&#8221; button_use_icon=&#8221;off&#8221; custom_margin=&#8221;||22px|||&#8221; custom_padding=&#8221;11px|48px|11px|48px|true|true&#8221; locked=&#8221;off&#8221; global_colors_info=&#8221;{}&#8221; button_text_size__hover_enabled=&#8221;off&#8221; button_one_text_size__hover_enabled=&#8221;off&#8221; button_two_text_size__hover_enabled=&#8221;off&#8221; button_text_color__hover_enabled=&#8221;off&#8221; button_one_text_color__hover_enabled=&#8221;off&#8221; button_two_text_color__hover_enabled=&#8221;off&#8221; button_border_width__hover_enabled=&#8221;off&#8221; button_one_border_width__hover_enabled=&#8221;off&#8221; button_two_border_width__hover_enabled=&#8221;off&#8221; button_border_color__hover_enabled=&#8221;off&#8221; button_one_border_color__hover_enabled=&#8221;off&#8221; button_two_border_color__hover_enabled=&#8221;off&#8221; button_border_radius__hover_enabled=&#8221;off&#8221; button_one_border_radius__hover_enabled=&#8221;off&#8221; button_two_border_radius__hover_enabled=&#8221;off&#8221; button_letter_spacing__hover_enabled=&#8221;off&#8221; button_one_letter_spacing__hover_enabled=&#8221;off&#8221; button_two_letter_spacing__hover_enabled=&#8221;off&#8221; button_bg_color__hover_enabled=&#8221;off&#8221; button_one_bg_color__hover_enabled=&#8221;off&#8221; button_two_bg_color__hover_enabled=&#8221;off&#8221;][\/et_pb_button][\/et_pb_column][\/et_pb_row][\/et_pb_section][et_pb_section fb_built=&#8221;1&#8243; fullwidth=&#8221;on&#8221; disabled_on=&#8221;off|on|on&#8221; _builder_version=&#8221;4.24.2&#8243; _module_preset=&#8221;default&#8221; height=&#8221;210px&#8221; global_colors_info=&#8221;{}&#8221;][et_pb_fullwidth_image src=&#8221;https:\/\/www.hcnj.us\/visionzero\/wp-content\/uploads\/sites\/22\/2023\/11\/JFK-and-Duncan-Ped-crossing-streets-PSD-file.png&#8221; title_text=&#8221;JFK and Duncan Ped crossing streets PSD file&#8221; _builder_version=&#8221;4.24.2&#8243; _module_preset=&#8221;default&#8221; max_height=&#8221;215px&#8221; global_colors_info=&#8221;{}&#8221;][\/et_pb_fullwidth_image][\/et_pb_section][et_pb_section fb_built=&#8221;1&#8243; disabled_on=&#8221;off|on|on&#8221; _builder_version=&#8221;4.24.2&#8243; _module_preset=&#8221;default&#8221; background_color=&#8221;#007698&#8243; custom_margin=&#8221;-25px||||false|false&#8221; custom_padding=&#8221;54px||0px||false|false&#8221; global_colors_info=&#8221;{}&#8221;][et_pb_row _builder_version=&#8221;4.24.2&#8243; _module_preset=&#8221;default&#8221; custom_margin=&#8221;-32px|auto||auto||&#8221; custom_padding=&#8221;14px||1px|||&#8221; global_colors_info=&#8221;{}&#8221;][et_pb_column type=&#8221;4_4&#8243; _builder_version=&#8221;4.24.2&#8243; _module_preset=&#8221;default&#8221; global_colors_info=&#8221;{}&#8221;][et_pb_text _builder_version=&#8221;4.24.2&#8243; _module_preset=&#8221;default&#8221; text_text_color=&#8221;#FFFFFF&#8221; text_font_size=&#8221;16px&#8221; global_colors_info=&#8221;{}&#8221;]<\/p>\n<p style=\"text-align: center;\">El condado de Hudson est\u00e1 elaborando un Plan de Acci\u00f3n Visi\u00f3n Cero destinado a eliminar todas las muertes y lesiones graves en sus carreteras y garantizar que el transporte seguro y c\u00f3modo sea un derecho para todos los que se desplazan hacia y a trav\u00e9s de nuestra comunidad. Al priorizar la movilidad de todos los usuarios de las v\u00edas, podemos hacer que nuestras calles sean m\u00e1s seguras para todos. Esto requiere la colaboraci\u00f3n del gobierno, las fuerzas del orden, los grupos comunitarios y usted, aquellos que utilizan nuestras carreteras todos los d\u00edas. <strong><u>\u00a1Por favor \u00fanete a nosotros!<\/u><\/strong><\/p>\n<p>[\/et_pb_text][et_pb_button button_url=&#8221;@ET-DC@eyJkeW5hbWljIjp0cnVlLCJjb250ZW50IjoicG9zdF9saW5rX3VybF9wYWdlIiwic2V0dGluZ3MiOnsicG9zdF9pZCI6IjMyNiJ9fQ==@&#8221; button_text=&#8221; aprende m\u00e1s&#8221; button_alignment=&#8221;center&#8221; _builder_version=&#8221;4.24.2&#8243; _dynamic_attributes=&#8221;button_url&#8221; custom_button=&#8221;on&#8221; button_text_size=&#8221;14px&#8221; button_text_color=&#8221;#007698&#8243; button_bg_color=&#8221;#f9f053&#8243; button_border_width=&#8221;0px&#8221; button_border_color=&#8221;#000000&#8243; button_border_radius=&#8221;31px&#8221; button_font=&#8221;Gothic A1|800||on|||||&#8221; button_use_icon=&#8221;off&#8221; custom_margin=&#8221;||22px|||&#8221; custom_padding=&#8221;11px|48px|11px|48px|true|true&#8221; locked=&#8221;off&#8221; global_colors_info=&#8221;{}&#8221; button_text_size__hover_enabled=&#8221;off&#8221; button_one_text_size__hover_enabled=&#8221;off&#8221; button_two_text_size__hover_enabled=&#8221;off&#8221; button_text_color__hover_enabled=&#8221;off&#8221; button_one_text_color__hover_enabled=&#8221;off&#8221; button_two_text_color__hover_enabled=&#8221;off&#8221; button_border_width__hover_enabled=&#8221;off&#8221; button_one_border_width__hover_enabled=&#8221;off&#8221; button_two_border_width__hover_enabled=&#8221;off&#8221; button_border_color__hover_enabled=&#8221;off&#8221; button_one_border_color__hover_enabled=&#8221;off&#8221; button_two_border_color__hover_enabled=&#8221;off&#8221; button_border_radius__hover_enabled=&#8221;off&#8221; button_one_border_radius__hover_enabled=&#8221;off&#8221; button_two_border_radius__hover_enabled=&#8221;off&#8221; button_letter_spacing__hover_enabled=&#8221;off&#8221; button_one_letter_spacing__hover_enabled=&#8221;off&#8221; button_two_letter_spacing__hover_enabled=&#8221;off&#8221; button_bg_color__hover_enabled=&#8221;off&#8221; button_one_bg_color__hover_enabled=&#8221;off&#8221; button_two_bg_color__hover_enabled=&#8221;off&#8221;][\/et_pb_button][\/et_pb_column][\/et_pb_row][\/et_pb_section][et_pb_section fb_built=&#8221;1&#8243; _builder_version=&#8221;4.24.2&#8243; _module_preset=&#8221;default&#8221; background_color=&#8221;#f4f4f4&#8243; custom_padding=&#8221;28px||0px|||&#8221; global_colors_info=&#8221;{}&#8221;][et_pb_row _builder_version=&#8221;4.24.2&#8243; _module_preset=&#8221;default&#8221; width=&#8221;auto&#8221; custom_margin=&#8221;|auto||auto|false|false&#8221; custom_padding=&#8221;0px||||false|false&#8221; global_colors_info=&#8221;{}&#8221;][et_pb_column type=&#8221;4_4&#8243; _builder_version=&#8221;4.19.0&#8243; _module_preset=&#8221;default&#8221; global_colors_info=&#8221;{}&#8221;][et_pb_code _builder_version=&#8221;4.24.2&#8243; _module_preset=&#8221;default&#8221; text_orientation=&#8221;center&#8221; custom_margin=&#8221;17px|||||&#8221; global_colors_info=&#8221;{}&#8221;]<a name=\"form760179966shortCode\" id=\"formAnchor760179966shortCode\"><\/a>\n<script src=\"https:\/\/fs4.formsite.com\/include\/form\/embedManager.js?760179966shortCode\"><\/script>\n<script>\nEmbedManager.embed({\nkey: \"https:\/\/fs4.formsite.com\/res\/showFormEmbed?EParam=PyBo85CFjhFFbcgRIUIDlOe1bUO27YwAFzpUCZwnDno&760179966shortCode\",\nwidth: \"100%\"\n});\n<\/script>\n[\/et_pb_code][\/et_pb_column][\/et_pb_row][\/et_pb_section]<\/p>\n","protected":false},"excerpt":{"rendered":"<p>El condado de Hudson est\u00e1 elaborando un Plan de Acci\u00f3n Visi\u00f3n Cero destinado a eliminar todas las muertes y lesiones graves en sus carreteras y garantizar que el transporte seguro [&hellip;]<\/p>\n","protected":false},"author":3,"featured_media":0,"parent":0,"menu_order":0,"comment_status":"closed","ping_status":"closed","template":"","meta":{"_acf_changed":false,"_et_pb_use_builder":"on","_et_pb_old_content":"","_et_gb_content_width":"","footnotes":""},"folder":[],"class_list":["post-335","page","type-page","status-publish","hentry"],"acf":[],"yoast_head":"<!-- This site is optimized with the Yoast SEO Premium plugin v25.8 (Yoast SEO v27.5) - https:\/\/yoast.com\/product\/yoast-seo-premium-wordpress\/ -->\n<title>Hogar - Vision Zero<\/title>\n<meta name=\"robots\" content=\"index, follow, max-snippet:-1, max-image-preview:large, max-video-preview:-1\" \/>\n<link rel=\"canonical\" href=\"https:\/\/www.hcnj.us\/visionzero\/hogar\/\" \/>\n<meta property=\"og:locale\" content=\"en_US\" \/>\n<meta property=\"og:type\" content=\"article\" \/>\n<meta property=\"og:title\" content=\"Hogar\" \/>\n<meta property=\"og:description\" content=\"El condado de Hudson est\u00e1 elaborando un Plan de Acci\u00f3n Visi\u00f3n Cero destinado a eliminar todas las muertes y lesiones graves en sus carreteras y garantizar que el transporte seguro [&hellip;]\" \/>\n<meta property=\"og:url\" content=\"https:\/\/www.hcnj.us\/visionzero\/hogar\/\" \/>\n<meta property=\"og:site_name\" content=\"Vision Zero\" \/>\n<meta property=\"article:modified_time\" content=\"2025-07-18T13:06:45+00:00\" \/>\n<meta name=\"twitter:card\" content=\"summary_large_image\" \/>\n<meta name=\"twitter:label1\" content=\"Est. reading time\" \/>\n\t<meta name=\"twitter:data1\" content=\"2 minutes\" \/>\n<script type=\"application\/ld+json\" class=\"yoast-schema-graph\">{\"@context\":\"https:\\\/\\\/schema.org\",\"@graph\":[{\"@type\":\"WebPage\",\"@id\":\"https:\\\/\\\/www.hcnj.us\\\/visionzero\\\/hogar\\\/\",\"url\":\"https:\\\/\\\/www.hcnj.us\\\/visionzero\\\/hogar\\\/\",\"name\":\"Hogar - Vision Zero\",\"isPartOf\":{\"@id\":\"https:\\\/\\\/www.hcnj.us\\\/visionzero\\\/#website\"},\"datePublished\":\"2024-05-20T19:09:09+00:00\",\"dateModified\":\"2025-07-18T13:06:45+00:00\",\"breadcrumb\":{\"@id\":\"https:\\\/\\\/www.hcnj.us\\\/visionzero\\\/hogar\\\/#breadcrumb\"},\"inLanguage\":\"en-US\",\"potentialAction\":[{\"@type\":\"ReadAction\",\"target\":[\"https:\\\/\\\/www.hcnj.us\\\/visionzero\\\/hogar\\\/\"]}]},{\"@type\":\"BreadcrumbList\",\"@id\":\"https:\\\/\\\/www.hcnj.us\\\/visionzero\\\/hogar\\\/#breadcrumb\",\"itemListElement\":[{\"@type\":\"ListItem\",\"position\":1,\"name\":\"Home\",\"item\":\"https:\\\/\\\/www.hcnj.us\\\/visionzero\\\/\"},{\"@type\":\"ListItem\",\"position\":2,\"name\":\"Hogar\"}]},{\"@type\":\"WebSite\",\"@id\":\"https:\\\/\\\/www.hcnj.us\\\/visionzero\\\/#website\",\"url\":\"https:\\\/\\\/www.hcnj.us\\\/visionzero\\\/\",\"name\":\"Vision Zero\",\"description\":\"Just another Hudson County New Jersey site\",\"potentialAction\":[{\"@type\":\"SearchAction\",\"target\":{\"@type\":\"EntryPoint\",\"urlTemplate\":\"https:\\\/\\\/www.hcnj.us\\\/visionzero\\\/?s={search_term_string}\"},\"query-input\":{\"@type\":\"PropertyValueSpecification\",\"valueRequired\":true,\"valueName\":\"search_term_string\"}}],\"inLanguage\":\"en-US\"}]}<\/script>\n<!-- \/ Yoast SEO Premium plugin. -->","yoast_head_json":{"title":"Hogar - Vision Zero","robots":{"index":"index","follow":"follow","max-snippet":"max-snippet:-1","max-image-preview":"max-image-preview:large","max-video-preview":"max-video-preview:-1"},"canonical":"https:\/\/www.hcnj.us\/visionzero\/hogar\/","og_locale":"en_US","og_type":"article","og_title":"Hogar","og_description":"El condado de Hudson est\u00e1 elaborando un Plan de Acci\u00f3n Visi\u00f3n Cero destinado a eliminar todas las muertes y lesiones graves en sus carreteras y garantizar que el transporte seguro [&hellip;]","og_url":"https:\/\/www.hcnj.us\/visionzero\/hogar\/","og_site_name":"Vision Zero","article_modified_time":"2025-07-18T13:06:45+00:00","twitter_card":"summary_large_image","twitter_misc":{"Est. reading time":"2 minutes"},"schema":{"@context":"https:\/\/schema.org","@graph":[{"@type":"WebPage","@id":"https:\/\/www.hcnj.us\/visionzero\/hogar\/","url":"https:\/\/www.hcnj.us\/visionzero\/hogar\/","name":"Hogar - Vision Zero","isPartOf":{"@id":"https:\/\/www.hcnj.us\/visionzero\/#website"},"datePublished":"2024-05-20T19:09:09+00:00","dateModified":"2025-07-18T13:06:45+00:00","breadcrumb":{"@id":"https:\/\/www.hcnj.us\/visionzero\/hogar\/#breadcrumb"},"inLanguage":"en-US","potentialAction":[{"@type":"ReadAction","target":["https:\/\/www.hcnj.us\/visionzero\/hogar\/"]}]},{"@type":"BreadcrumbList","@id":"https:\/\/www.hcnj.us\/visionzero\/hogar\/#breadcrumb","itemListElement":[{"@type":"ListItem","position":1,"name":"Home","item":"https:\/\/www.hcnj.us\/visionzero\/"},{"@type":"ListItem","position":2,"name":"Hogar"}]},{"@type":"WebSite","@id":"https:\/\/www.hcnj.us\/visionzero\/#website","url":"https:\/\/www.hcnj.us\/visionzero\/","name":"Vision Zero","description":"Just another Hudson County New Jersey site","potentialAction":[{"@type":"SearchAction","target":{"@type":"EntryPoint","urlTemplate":"https:\/\/www.hcnj.us\/visionzero\/?s={search_term_string}"},"query-input":{"@type":"PropertyValueSpecification","valueRequired":true,"valueName":"search_term_string"}}],"inLanguage":"en-US"}]}},"_links":{"self":[{"href":"https:\/\/www.hcnj.us\/visionzero\/wp-json\/wp\/v2\/pages\/335","targetHints":{"allow":["GET"]}}],"collection":[{"href":"https:\/\/www.hcnj.us\/visionzero\/wp-json\/wp\/v2\/pages"}],"about":[{"href":"https:\/\/www.hcnj.us\/visionzero\/wp-json\/wp\/v2\/types\/page"}],"author":[{"embeddable":true,"href":"https:\/\/www.hcnj.us\/visionzero\/wp-json\/wp\/v2\/users\/3"}],"replies":[{"embeddable":true,"href":"https:\/\/www.hcnj.us\/visionzero\/wp-json\/wp\/v2\/comments?post=335"}],"version-history":[{"count":0,"href":"https:\/\/www.hcnj.us\/visionzero\/wp-json\/wp\/v2\/pages\/335\/revisions"}],"wp:attachment":[{"href":"https:\/\/www.hcnj.us\/visionzero\/wp-json\/wp\/v2\/media?parent=335"}],"wp:term":[{"taxonomy":"folder","embeddable":true,"href":"https:\/\/www.hcnj.us\/visionzero\/wp-json\/wp\/v2\/folder?post=335"}],"curies":[{"name":"wp","href":"https:\/\/api.w.org\/{rel}","templated":true}]}}